{"id":49,"date":"2022-02-22T12:09:31","date_gmt":"2022-02-22T12:09:31","guid":{"rendered":"https:\/\/draftegitim.com.tr\/?page_id=49"},"modified":"2022-09-15T17:45:00","modified_gmt":"2022-09-15T17:45:00","slug":"home","status":"publish","type":"page","link":"https:\/\/draftegitim.com.tr\/","title":{"rendered":"Home"},"content":{"rendered":"\n<div class=\"wp-block-uagb-container uagb-block-1fe7ab7d alignfull uagb-is-root-container\"><div class=\"uagb-container-inner-blocks-wrap\">\n<div class=\"wp-block-uagb-info-box uagb-block-374b1106 uagb-infobox__content-wrap  uagb-infobox-icon-above-title uagb-infobox-image-valign-top\"><div class=\"uagb-ifb-content\"><div class=\"uagb-ifb-title-wrap\"><span class=\"uagb-ifb-title-prefix\">LET\u2019S PARTY THIS YEAR<\/span><h1 class=\"uagb-ifb-title\">Sitemiz \u015fuan mesai saati d\u0131\u015f\u0131ndad\u0131r.<br>IMZA HECI SK<\/h1><\/div><p class=\"uagb-ifb-desc\">Vivamus magna justo, lacinia eget consectetur sed, convallis at tellus. <br>Quisque velit nisi, pretium ut lacinia in, elementum id enim. <\/p><div class=\"uagb-ifb-button-wrapper wp-block-button\"><a href=\"#\" class=\"uagb-infobox-cta-link wp-block-button__link\" target=\"_self\" rel=\"noopener noreferrer\" alt=\"\"><span class=\"uagb-inline-editing\">CALL US NOW<\/span><\/a><\/div><\/div><\/div>\n<\/div><\/div>\n\n\n\n<div id=\"services\" class=\"wp-block-uagb-container uagb-block-a7ca9a5c alignfull uagb-is-root-container\"><div class=\"uagb-container-inner-blocks-wrap\">\n<div class=\"wp-block-uagb-container uagb-block-8a758c9d\">\n<div class=\"wp-block-uagb-container uagb-block-78f89cde\">\n<div class=\"wp-block-uagb-info-box uagb-block-e0c1b317 uagb-infobox__content-wrap  uagb-infobox-icon-above-title uagb-infobox-image-valign-top\"><div class=\"uagb-ifb-content\"><div class=\"uagb-ifb-title-wrap\"><h2 class=\"uagb-ifb-title\">Our Events<\/h2><\/div><p class=\"uagb-ifb-desc\">Click here to change this text. Lorem ipsum dolor sit amet, consectetur adipiscing elit. Ut elit tellus, luctus nec ullamcorper mattis, pulvinar dapibus leo.<\/p><\/div><\/div>\n<\/div>\n\n\n\n<div class=\"wp-block-uagb-container uagb-block-1b0395cc\">\n<div class=\"wp-block-uagb-buttons uagb-buttons__outer-wrap uagb-btn__default-btn uagb-btn-tablet__default-btn uagb-btn-mobile__default-btn uagb-block-56f5e17d\"><div class=\"uagb-buttons__wrap uagb-buttons-layout-wrap\">\n<div class=\"wp-block-uagb-buttons-child uagb-buttons__outer-wrap uagb-block-dc120123 wp-block-button is-style-outline\"><div class=\"uagb-button__wrapper\"><a class=\"uagb-buttons-repeater wp-block-button__link\" href=\"#\" rel=\"follow noopener\" target=\"_self\"><div class=\"uagb-button__link\">ALL EVENTS<\/div><\/a><\/div><\/div>\n<\/div><\/div>\n<\/div>\n<\/div>\n\n\n\n<div class=\"wp-block-uagb-container uagb-block-7479a0cf\">\n<div class=\"wp-block-uagb-container uagb-block-cb133fb3\">\n<div class=\"wp-block-uagb-image uagb-block-86d3b341 wp-block-uagb-image--layout-overlay wp-block-uagb-image--effect-static wp-block-uagb-image--align-none\"><figure class=\"wp-block-uagb-image__figure\"><img loading=\"lazy\" srcset=\"http:\/\/draftegitim.com.tr\/wp-content\/uploads\/2021\/11\/img-1.jpg , http:\/\/draftegitim.com.tr\/wp-content\/uploads\/2021\/11\/img-1.jpg 360w\" src=\"http:\/\/draftegitim.com.tr\/wp-content\/uploads\/2021\/11\/img-1.jpg\" alt=\"\" class=\"uag-image-25\" width=\"\" height=\"\" title=\"\"\/><div class=\"wp-block-uagb-image--layout-overlay__color-wrapper\"><\/div><div class=\"wp-block-uagb-image--layout-overlay__inner center-center\"><a class=\"wp-block-uagb-image--layout-overlay-link \" href=\"\" target=\"\" rel=\"noopener\"><\/a><h3 class=\"uagb-image-heading\">Birthday<\/h3><\/div><\/figure><\/div>\n<\/div>\n\n\n\n<div class=\"wp-block-uagb-container uagb-block-13d36fce\">\n<div class=\"wp-block-uagb-image uagb-block-89411f97 wp-block-uagb-image--layout-overlay wp-block-uagb-image--effect-static wp-block-uagb-image--align-center\"><figure class=\"wp-block-uagb-image__figure\"><img loading=\"lazy\" srcset=\"http:\/\/draftegitim.com.tr\/wp-content\/uploads\/2021\/11\/img-1.jpg , http:\/\/draftegitim.com.tr\/wp-content\/uploads\/2021\/11\/img-1.jpg 360w\" src=\"http:\/\/draftegitim.com.tr\/wp-content\/uploads\/2021\/11\/img-1.jpg\" alt=\"\" class=\"uag-image-25\" width=\"\" height=\"\" title=\"\"\/><div class=\"wp-block-uagb-image--layout-overlay__color-wrapper\"><\/div><div class=\"wp-block-uagb-image--layout-overlay__inner center-center\"><a class=\"wp-block-uagb-image--layout-overlay-link \" href=\"\" target=\"\" rel=\"noopener\"><\/a><h3 class=\"uagb-image-heading\">Party<\/h3><\/div><\/figure><\/div>\n<\/div>\n<\/div>\n\n\n\n<div class=\"wp-block-uagb-container uagb-block-1b2f8dfe\">\n<div class=\"wp-block-uagb-container uagb-block-9598b1a7\">\n<div class=\"wp-block-uagb-image uagb-block-8d347417 wp-block-uagb-image--layout-overlay wp-block-uagb-image--effect-static wp-block-uagb-image--align-none\"><figure class=\"wp-block-uagb-image__figure\"><img loading=\"lazy\" srcset=\"http:\/\/draftegitim.com.tr\/wp-content\/uploads\/2021\/11\/img-1.jpg , http:\/\/draftegitim.com.tr\/wp-content\/uploads\/2021\/11\/img-1.jpg 360w\" src=\"http:\/\/draftegitim.com.tr\/wp-content\/uploads\/2021\/11\/img-1.jpg\" alt=\"\" class=\"uag-image-25\" width=\"\" height=\"\" title=\"\"\/><div class=\"wp-block-uagb-image--layout-overlay__color-wrapper\"><\/div><div class=\"wp-block-uagb-image--layout-overlay__inner center-center\"><a class=\"wp-block-uagb-image--layout-overlay-link \" href=\"\" target=\"\" rel=\"noopener\"><\/a><h3 class=\"uagb-image-heading\">Corporate<\/h3><\/div><\/figure><\/div>\n<\/div>\n\n\n\n<div class=\"wp-block-uagb-container uagb-block-a35d6e57\">\n<div class=\"wp-block-uagb-image uagb-block-fd09157b wp-block-uagb-image--layout-overlay wp-block-uagb-image--effect-static wp-block-uagb-image--align-center\"><figure class=\"wp-block-uagb-image__figure\"><img loading=\"lazy\" srcset=\"http:\/\/draftegitim.com.tr\/wp-content\/uploads\/2021\/11\/img-1.jpg , http:\/\/draftegitim.com.tr\/wp-content\/uploads\/2021\/11\/img-1.jpg 360w\" src=\"http:\/\/draftegitim.com.tr\/wp-content\/uploads\/2021\/11\/img-1.jpg\" alt=\"\" class=\"uag-image-25\" width=\"\" height=\"\" title=\"\"\/><div class=\"wp-block-uagb-image--layout-overlay__color-wrapper\"><\/div><div class=\"wp-block-uagb-image--layout-overlay__inner center-center\"><a class=\"wp-block-uagb-image--layout-overlay-link \" href=\"\" target=\"\" rel=\"noopener\"><\/a><h3 class=\"uagb-image-heading\">Wedding<\/h3><\/div><\/figure><\/div>\n<\/div>\n<\/div>\n<\/div><\/div>\n\n\n\n<div class=\"wp-block-uagb-container uagb-block-0e3a918a alignfull uagb-is-root-container\"><div class=\"uagb-container-inner-blocks-wrap\">\n<div class=\"wp-block-uagb-advanced-heading uagb-block-4a24a7b0\"><h2 class=\"uagb-heading-text\">What We Offer<\/h2><\/div>\n\n\n\n<div class=\"wp-block-uagb-container uagb-block-d96ab288\">\n<div class=\"wp-block-uagb-container uagb-block-c8b3d3fe\">\n<div class=\"wp-block-uagb-info-box uagb-block-b49c794e uagb-infobox__content-wrap  uagb-infobox-icon-above-title uagb-infobox-image-valign-top\"><div class=\"uagb-ifb-content\"><div class=\"uagb-ifb-title-wrap\"><h4 class=\"uagb-ifb-title\">Floral Services<\/h4><\/div><p class=\"uagb-ifb-desc\">Lorem ipsum dolor sit amet, consectetur adipiscing elit. Ut elit tellus, luctus nec ullamcorper mattis.<\/p><\/div><\/div>\n<\/div>\n\n\n\n<div class=\"wp-block-uagb-container uagb-block-379af313\">\n<div class=\"wp-block-uagb-info-box uagb-block-b94a98c6 uagb-infobox__content-wrap  uagb-infobox-icon-above-title uagb-infobox-image-valign-top\"><div class=\"uagb-ifb-content\"><div class=\"uagb-ifb-title-wrap\"><h4 class=\"uagb-ifb-title\">Catering and Decor<\/h4><\/div><p class=\"uagb-ifb-desc\">Lorem ipsum dolor sit amet, consectetur adipiscing elit. Ut elit tellus, luctus nec ullamcorper mattis.<\/p><\/div><\/div>\n<\/div>\n\n\n\n<div class=\"wp-block-uagb-container uagb-block-a1ca9c8b\">\n<div class=\"wp-block-uagb-info-box uagb-block-ed44b7de uagb-infobox__content-wrap  uagb-infobox-icon-above-title uagb-infobox-image-valign-top\"><div class=\"uagb-ifb-content\"><div class=\"uagb-ifb-title-wrap\"><h4 class=\"uagb-ifb-title\">Photos &amp; Videos<\/h4><\/div><p class=\"uagb-ifb-desc\">Lorem ipsum dolor sit amet, consectetur adipiscing elit. Ut elit tellus, luctus nec ullamcorper mattis.<\/p><\/div><\/div>\n<\/div>\n<\/div>\n\n\n\n<div class=\"wp-block-uagb-container uagb-block-b162d669\">\n<div class=\"wp-block-uagb-container uagb-block-fd21c668\">\n<div class=\"wp-block-uagb-info-box uagb-block-73e2f81b uagb-infobox__content-wrap  uagb-infobox-icon-above-title uagb-infobox-image-valign-top\"><div class=\"uagb-ifb-content\"><div class=\"uagb-ifb-title-wrap\"><h4 class=\"uagb-ifb-title\">Intivation Cards<\/h4><\/div><p class=\"uagb-ifb-desc\">Lorem ipsum dolor sit amet, consectetur adipiscing elit. Ut elit tellus, luctus nec ullamcorper mattis.<\/p><\/div><\/div>\n<\/div>\n\n\n\n<div class=\"wp-block-uagb-container uagb-block-9efc4644\">\n<div class=\"wp-block-uagb-info-box uagb-block-b459d983 uagb-infobox__content-wrap  uagb-infobox-icon-above-title uagb-infobox-image-valign-top\"><div class=\"uagb-ifb-content\"><div class=\"uagb-ifb-title-wrap\"><h4 class=\"uagb-ifb-title\">Entertainment<\/h4><\/div><p class=\"uagb-ifb-desc\">Lorem ipsum dolor sit amet, consectetur adipiscing elit. Ut elit tellus, luctus nec ullamcorper mattis.<\/p><\/div><\/div>\n<\/div>\n\n\n\n<div class=\"wp-block-uagb-container uagb-block-cdef0138\">\n<div class=\"wp-block-uagb-info-box uagb-block-e1dfb731 uagb-infobox__content-wrap  uagb-infobox-icon-above-title uagb-infobox-image-valign-top\"><div class=\"uagb-ifb-content\"><div class=\"uagb-ifb-title-wrap\"><h4 class=\"uagb-ifb-title\">Venue Selection<\/h4><\/div><p class=\"uagb-ifb-desc\">Lorem ipsum dolor sit amet, consectetur adipiscing elit. Ut elit tellus, luctus nec ullamcorper mattis.<\/p><\/div><\/div>\n<\/div>\n<\/div>\n<\/div><\/div>\n\n\n\n<div id=\"team\" class=\"wp-block-uagb-container uagb-block-b40dbb24 alignfull uagb-is-root-container\"><div class=\"uagb-container-inner-blocks-wrap\">\n<div class=\"wp-block-uagb-advanced-heading uagb-block-366b744c\"><h2 class=\"uagb-heading-text\">Meet Our Team<\/h2><\/div>\n\n\n\n<div class=\"wp-block-uagb-container uagb-block-6984a7fa\">\n<div class=\"wp-block-uagb-info-box uagb-block-4bb07226 uagb-infobox__content-wrap  uagb-infobox-icon-above-title uagb-infobox-image-valign-top\"><div class=\"uagb-ifb-content\"><div class=\"uagb-ifb-image-content\"><img src=\"http:\/\/draftegitim.com.tr\/wp-content\/uploads\/2021\/11\/team2-370x370-1.jpg\" alt=\"\"\/><\/div><div class=\"uagb-ifb-title-wrap\"><h4 class=\"uagb-ifb-title\">Julia Mann<\/h4><\/div><p class=\"uagb-ifb-desc\">Co-Founder<\/p><\/div><\/div>\n\n\n\n<div class=\"wp-block-uagb-info-box uagb-block-034542c2 uagb-infobox__content-wrap  uagb-infobox-icon-above-title uagb-infobox-image-valign-top\"><div class=\"uagb-ifb-content\"><div class=\"uagb-ifb-image-content\"><img src=\"http:\/\/draftegitim.com.tr\/wp-content\/uploads\/2021\/11\/team1-370x370-1.jpg\" alt=\"\"\/><\/div><div class=\"uagb-ifb-title-wrap\"><h4 class=\"uagb-ifb-title\">Sofie Gilmor<\/h4><\/div><p class=\"uagb-ifb-desc\">Co-Founder<\/p><\/div><\/div>\n\n\n\n<div class=\"wp-block-uagb-info-box uagb-block-aecf4900 uagb-infobox__content-wrap  uagb-infobox-icon-above-title uagb-infobox-image-valign-top\"><div class=\"uagb-ifb-content\"><div class=\"uagb-ifb-image-content\"><img src=\"http:\/\/draftegitim.com.tr\/wp-content\/uploads\/2021\/11\/team3-370x370-1.jpg\" alt=\"\"\/><\/div><div class=\"uagb-ifb-title-wrap\"><h4 class=\"uagb-ifb-title\">Jessica Smith<\/h4><\/div><p class=\"uagb-ifb-desc\">Co-Founder<\/p><\/div><\/div>\n<\/div>\n<\/div><\/div>\n\n\n\n<div class=\"wp-block-uagb-container uagb-block-97c90b45 alignfull uagb-is-root-container\"><div class=\"uagb-container-inner-blocks-wrap\">\n<div class=\"wp-block-uagb-info-box uagb-block-d92b83d8 uagb-infobox__content-wrap  uagb-infobox-icon-above-title uagb-infobox-image-valign-top\"><div class=\"uagb-ifb-content\"><div class=\"uagb-ifb-icon-wrap\"><svg xmlns=\"https:\/\/www.w3.org\/2000\/svg\" viewBox=\"0 0 512 512\"><path d=\"M512 256C512 397.4 397.4 512 256 512C114.6 512 0 397.4 0 256C0 114.6 114.6 0 256 0C397.4 0 512 114.6 512 256zM176 168V344C176 352.7 180.7 360.7 188.3 364.9C195.8 369.2 205.1 369 212.5 364.5L356.5 276.5C363.6 272.1 368 264.4 368 256C368 247.6 363.6 239.9 356.5 235.5L212.5 147.5C205.1 142.1 195.8 142.8 188.3 147.1C180.7 151.3 176 159.3 176 168V168z\"><\/path><\/svg><\/div><div class=\"uagb-ifb-title-wrap\"><\/div><\/div><\/div>\n<\/div><\/div>\n\n\n\n<div id=\"testimonials\" class=\"wp-block-uagb-container uagb-block-591b7b4b alignfull uagb-is-root-container\"><div class=\"uagb-container-inner-blocks-wrap\">\n<div class=\"wp-block-uagb-advanced-heading uagb-block-ba5d9423\"><h2 class=\"uagb-heading-text\">Testimonials<\/h2><\/div>\n\n\n\n<div class=\"wp-block-uagb-container uagb-block-a10c5e75\">\n<div class=\"wp-block-uagb-container uagb-block-8bc148be\">\n<div class=\"wp-block-uagb-info-box uagb-block-06a99e46 uagb-infobox__content-wrap  uagb-infobox-icon-above-title uagb-infobox-image-valign-top\"><div class=\"uagb-ifb-content\"><div class=\"uagb-ifb-image-content\"><img src=\"http:\/\/draftegitim.com.tr\/wp-content\/uploads\/2021\/11\/testimonials2.png\" alt=\"\"\/><\/div><div class=\"uagb-ifb-title-wrap\"><h4 class=\"uagb-ifb-title\">Amanda Doe<\/h4><\/div><p class=\"uagb-ifb-desc\">Australia<\/p><\/div><\/div>\n\n\n\n<div class=\"wp-block-uagb-advanced-heading uagb-block-ce5eb790\"><p class=\"uagb-heading-text\">Lorem ipsum dolor sit amet, consectetur adipiscing elit. Ut elit tellus, luctus nec ullamcorper mattis, pulvinar dapibus leo<\/p><\/div>\n\n\n\n<div class=\"wp-block-uagb-star-rating uagb-block-b6ea5074\"><div class=\"uag-star-rating\" title=\"4\/5\"><span class=\"uag-star\">\u2605<\/span><span class=\"uag-star\">\u2605<\/span><span class=\"uag-star\">\u2605<\/span><span class=\"uag-star\">\u2605<\/span><span class=\"uag-star\">\u2605<\/span><\/div><\/div>\n<\/div>\n\n\n\n<div class=\"wp-block-uagb-container uagb-block-2dd3d070\">\n<div class=\"wp-block-uagb-info-box uagb-block-1a4b59a6 uagb-infobox__content-wrap  uagb-infobox-icon-above-title uagb-infobox-image-valign-top\"><div class=\"uagb-ifb-content\"><div class=\"uagb-ifb-image-content\"><img src=\"http:\/\/draftegitim.com.tr\/wp-content\/uploads\/2021\/11\/testimonials1.png\" alt=\"\"\/><\/div><div class=\"uagb-ifb-title-wrap\"><h4 class=\"uagb-ifb-title\">Jenny Smith<\/h4><\/div><p class=\"uagb-ifb-desc\">New York<\/p><\/div><\/div>\n\n\n\n<div class=\"wp-block-uagb-advanced-heading uagb-block-b017ca72\"><p class=\"uagb-heading-text\">Lorem ipsum dolor sit amet, consectetur adipiscing elit. Ut elit tellus, luctus nec ullamcorper mattis, pulvinar dapibus leo<\/p><\/div>\n\n\n\n<div class=\"wp-block-uagb-star-rating uagb-block-1562c730\"><div class=\"uag-star-rating\" title=\"4\/5\"><span class=\"uag-star\">\u2605<\/span><span class=\"uag-star\">\u2605<\/span><span class=\"uag-star\">\u2605<\/span><span class=\"uag-star\">\u2605<\/span><span class=\"uag-star\">\u2605<\/span><\/div><\/div>\n<\/div>\n<\/div>\n<\/div><\/div>\n\n\n\n<div id=\"gallery\" class=\"wp-block-uagb-container uagb-block-f8c1bed7 alignfull uagb-is-root-container\"><div class=\"uagb-container-inner-blocks-wrap\">\n<div class=\"wp-block-uagb-advanced-heading uagb-block-d950c48a\"><h2 class=\"uagb-heading-text\">Our Gallery<\/h2><\/div>\n\n\n\n<div class=\"wp-block-uagb-container uagb-block-88f5c8bc\">\n<div class=\"wp-block-uagb-container uagb-block-043d4d36\">\n<div class=\"wp-block-uagb-image uagb-block-c6ef325c wp-block-uagb-image--layout-default wp-block-uagb-image--effect-zoomin wp-block-uagb-image--align-none\"><figure class=\"wp-block-uagb-image__figure\"><img loading=\"lazy\" srcset=\"http:\/\/draftegitim.com.tr\/wp-content\/uploads\/2021\/11\/gallery-11a.jpg , http:\/\/draftegitim.com.tr\/wp-content\/uploads\/2021\/11\/gallery-11a.jpg 360w\" src=\"http:\/\/draftegitim.com.tr\/wp-content\/uploads\/2021\/11\/gallery-11a.jpg\" alt=\"\" class=\"uag-image-44\" width=\"1160\" height=\"522\" title=\"\"\/><\/figure><\/div>\n<\/div>\n\n\n\n<div class=\"wp-block-uagb-container uagb-block-618fc8c5\">\n<div class=\"wp-block-uagb-image uagb-block-966826e1 wp-block-uagb-image--layout-default wp-block-uagb-image--effect-zoomin wp-block-uagb-image--align-none\"><figure class=\"wp-block-uagb-image__figure\"><img loading=\"lazy\" srcset=\"http:\/\/draftegitim.com.tr\/wp-content\/uploads\/2021\/11\/gallery-2.jpg , http:\/\/draftegitim.com.tr\/wp-content\/uploads\/2021\/11\/gallery-2.jpg 360w\" src=\"http:\/\/draftegitim.com.tr\/wp-content\/uploads\/2021\/11\/gallery-2.jpg\" alt=\"\" class=\"uag-image-45\" width=\"1281\" height=\"569\" title=\"\"\/><\/figure><\/div>\n\n\n\n<div class=\"wp-block-uagb-image uagb-block-8a9c2264 wp-block-uagb-image--layout-default wp-block-uagb-image--effect-zoomin wp-block-uagb-image--align-none\"><figure class=\"wp-block-uagb-image__figure\"><img loading=\"lazy\" srcset=\"http:\/\/draftegitim.com.tr\/wp-content\/uploads\/2021\/11\/gallery-3.jpg , http:\/\/draftegitim.com.tr\/wp-content\/uploads\/2021\/11\/gallery-3.jpg 360w\" src=\"http:\/\/draftegitim.com.tr\/wp-content\/uploads\/2021\/11\/gallery-3.jpg\" alt=\"\" class=\"uag-image-46\" width=\"1281\" height=\"569\" title=\"\"\/><\/figure><\/div>\n<\/div>\n<\/div>\n\n\n\n<div class=\"wp-block-uagb-container uagb-block-a2dffdab\">\n<div class=\"wp-block-uagb-container uagb-block-da82a36e\">\n<div class=\"wp-block-uagb-image uagb-block-98b4d6a8 wp-block-uagb-image--layout-default wp-block-uagb-image--effect-zoomin wp-block-uagb-image--align-none\"><figure class=\"wp-block-uagb-image__figure\"><img loading=\"lazy\" srcset=\"http:\/\/draftegitim.com.tr\/wp-content\/uploads\/2021\/11\/gallery-5.jpg , http:\/\/draftegitim.com.tr\/wp-content\/uploads\/2021\/11\/gallery-5.jpg 360w\" src=\"http:\/\/draftegitim.com.tr\/wp-content\/uploads\/2021\/11\/gallery-5.jpg\" alt=\"\" class=\"uag-image-47\" width=\"\" height=\"\" title=\"\"\/><\/figure><\/div>\n\n\n\n<div class=\"wp-block-uagb-image uagb-block-7d1effda wp-block-uagb-image--layout-default wp-block-uagb-image--effect-zoomin wp-block-uagb-image--align-none\"><figure class=\"wp-block-uagb-image__figure\"><img loading=\"lazy\" srcset=\"http:\/\/draftegitim.com.tr\/wp-content\/uploads\/2021\/11\/gallery-6.jpg , http:\/\/draftegitim.com.tr\/wp-content\/uploads\/2021\/11\/gallery-6.jpg 360w\" src=\"http:\/\/draftegitim.com.tr\/wp-content\/uploads\/2021\/11\/gallery-6.jpg\" alt=\"\" class=\"uag-image-48\" width=\"\" height=\"\" title=\"\"\/><\/figure><\/div>\n<\/div>\n\n\n\n<div class=\"wp-block-uagb-container uagb-block-8d477dd9\">\n<div class=\"wp-block-uagb-image uagb-block-275fbc55 wp-block-uagb-image--layout-default wp-block-uagb-image--effect-zoomin wp-block-uagb-image--align-none\"><figure class=\"wp-block-uagb-image__figure\"><img loading=\"lazy\" srcset=\"http:\/\/draftegitim.com.tr\/wp-content\/uploads\/2021\/11\/gallery-4.jpg , http:\/\/draftegitim.com.tr\/wp-content\/uploads\/2021\/11\/gallery-4.jpg 360w\" src=\"http:\/\/draftegitim.com.tr\/wp-content\/uploads\/2021\/11\/gallery-4.jpg\" alt=\"\" class=\"uag-image-49\" width=\"1183\" height=\"522\" title=\"\"\/><\/figure><\/div>\n<\/div>\n<\/div>\n<\/div><\/div>\n\n\n\n<div class=\"wp-block-uagb-container uagb-block-e9402246 alignfull uagb-is-root-container\"><div class=\"uagb-container-inner-blocks-wrap\">\n<div class=\"wp-block-uagb-container uagb-block-0b3c379d\">\n<div class=\"wp-block-uagb-image uagb-block-4e48450d wp-block-uagb-image--layout-default wp-block-uagb-image--effect-static wp-block-uagb-image--align-none\"><figure class=\"wp-block-uagb-image__figure\"><img loading=\"lazy\" srcset=\"http:\/\/draftegitim.com.tr\/wp-content\/uploads\/2021\/11\/cta-img-1.jpg ,http:\/\/draftegitim.com.tr\/wp-content\/uploads\/2021\/11\/cta-img-1.jpg 780w, http:\/\/draftegitim.com.tr\/wp-content\/uploads\/2021\/11\/cta-img-1.jpg 360w\" src=\"http:\/\/draftegitim.com.tr\/wp-content\/uploads\/2021\/11\/cta-img-1.jpg\" alt=\"\" class=\"uag-image-50\" width=\"\" height=\"\" title=\"\"\/><\/figure><\/div>\n<\/div>\n\n\n\n<div class=\"wp-block-uagb-container uagb-block-4639b6a4\">\n<div class=\"wp-block-uagb-info-box uagb-block-33b79f36 uagb-infobox__content-wrap  uagb-infobox-icon-above-title uagb-infobox-image-valign-top\"><div class=\"uagb-ifb-content\"><div class=\"uagb-ifb-title-wrap\"><h2 class=\"uagb-ifb-title\">It\u2019s Time To Get In Touch<\/h2><\/div><p class=\"uagb-ifb-desc\">Click here to change this text. Lorem ipsum dolor sit amet, consectetur adipiscing elit. Ut elit tellus, luctus nec ullamcorper mattis, pulvinar dapibus leo.<\/p><div class=\"uagb-ifb-button-wrapper wp-block-button\"><a href=\"#\" class=\"uagb-infobox-cta-link wp-block-button__link\" target=\"_self\" rel=\"noopener noreferrer\" alt=\"\"><span class=\"uagb-inline-editing\">Read More<\/span><\/a><\/div><\/div><\/div>\n<\/div>\n<\/div><\/div>\n","protected":false},"excerpt":{"rendered":"","protected":false},"author":1,"featured_media":0,"parent":0,"menu_order":0,"comment_status":"closed","ping_status":"closed","template":"","meta":{"om_disable_all_campaigns":false,"_monsterinsights_skip_tracking":false,"_monsterinsights_sitenote_active":false,"_monsterinsights_sitenote_note":"","_monsterinsights_sitenote_category":0,"site-sidebar-layout":"no-sidebar","site-content-layout":"page-builder","ast-global-header-display":"","ast-main-header-display":"","ast-hfb-above-header-display":"","ast-hfb-below-header-display":"","ast-hfb-mobile-header-display":"","site-post-title":"disabled","ast-breadcrumbs-content":"","ast-featured-img":"disabled","footer-sml-layout":"","theme-transparent-header-meta":"enabled","adv-header-id-meta":"","stick-header-meta":"","header-above-stick-meta":"","header-main-stick-meta":"","header-below-stick-meta":""},"aioseo_notices":[],"uagb_featured_image_src":{"full":false,"thumbnail":false,"medium":false,"medium_large":false,"large":false,"1536x1536":false,"2048x2048":false},"uagb_author_info":{"display_name":"yazarsayfasi","author_link":"https:\/\/draftegitim.com.tr\/?author=1"},"uagb_comment_info":0,"uagb_excerpt":null,"_links":{"self":[{"href":"https:\/\/draftegitim.com.tr\/index.php?rest_route=\/wp\/v2\/pages\/49"}],"collection":[{"href":"https:\/\/draftegitim.com.tr\/index.php?rest_route=\/wp\/v2\/pages"}],"about":[{"href":"https:\/\/draftegitim.com.tr\/index.php?rest_route=\/wp\/v2\/types\/page"}],"author":[{"embeddable":true,"href":"https:\/\/draftegitim.com.tr\/index.php?rest_route=\/wp\/v2\/users\/1"}],"replies":[{"embeddable":true,"href":"https:\/\/draftegitim.com.tr\/index.php?rest_route=%2Fwp%2Fv2%2Fcomments&post=49"}],"version-history":[{"count":3,"href":"https:\/\/draftegitim.com.tr\/index.php?rest_route=\/wp\/v2\/pages\/49\/revisions"}],"predecessor-version":[{"id":323,"href":"https:\/\/draftegitim.com.tr\/index.php?rest_route=\/wp\/v2\/pages\/49\/revisions\/323"}],"wp:attachment":[{"href":"https:\/\/draftegitim.com.tr\/index.php?rest_route=%2Fwp%2Fv2%2Fmedia&parent=49"}],"curies":[{"name":"wp","href":"https:\/\/api.w.org\/{rel}","templated":true}]}}